{"id":1240,"date":"2020-09-03T07:53:11","date_gmt":"2020-09-03T07:53:11","guid":{"rendered":"https:\/\/marein73.com\/?page_id=1240"},"modified":"2025-09-15T12:19:07","modified_gmt":"2025-09-15T12:19:07","slug":"152-housing-rincon-de-la-victoria","status":"publish","type":"page","link":"https:\/\/marein73.com\/en\/promotions\/152-housing-rincon-de-la-victoria\/","title":{"rendered":"152 Houses in Rincon de la Victoria\u200b"},"content":{"rendered":"\t\t<div data-elementor-type=\"wp-page\" data-elementor-id=\"1240\" class=\"elementor elementor-1240 elementor-1176\" data-elementor-post-type=\"page\">\n\t\t\t\t\t\t\t\t\t<section class=\"elementor-section elementor-top-section elementor-element elementor-element-84b3b9b elementor-section-full_width elementor-section-height-full elementor-section-items-stretch elementor-section-content-middle elementor-section-height-default\" data-id=\"84b3b9b\" data-element_type=\"section\">\n\t\t\t\t\t\t<div class=\"elementor-container elementor-column-gap-default\">\n\t\t\t\t\t<div class=\"elementor-column elementor-col-100 elementor-top-column elementor-element elementor-element-936d1c2\" data-id=\"936d1c2\" data-element_type=\"column\">\n\t\t\t<div class=\"elementor-widget-wrap elementor-element-populated\">\n\t\t\t\t\t\t\t\t<div class=\"elementor-element elementor-element-9dbec11 puntos-izquierda elementor--h-position-center elementor--v-position-middle elementor-pagination-position-inside elementor-widget elementor-widget-slides\" data-id=\"9dbec11\" data-element_type=\"widget\" data-settings=\"{&quot;navigation&quot;:&quot;dots&quot;,&quot;autoplay&quot;:&quot;yes&quot;,&quot;pause_on_hover&quot;:&quot;yes&quot;,&quot;pause_on_interaction&quot;:&quot;yes&quot;,&quot;autoplay_speed&quot;:5000,&quot;transition&quot;:&quot;slide&quot;,&quot;transition_speed&quot;:500}\" data-widget_type=\"slides.default\">\n\t\t\t\t<div class=\"elementor-widget-container\">\n\t\t\t\t\t<div class=\"elementor-swiper\">\n\t\t\t<div class=\"elementor-slides-wrapper elementor-main-swiper swiper-container\" dir=\"ltr\" data-animation=\"fadeInUp\">\n\t\t\t\t<div class=\"swiper-wrapper elementor-slides\">\n\t\t\t\t\t\t\t\t\t\t<div class=\"elementor-repeater-item-aade774 swiper-slide\"><div class=\"swiper-slide-bg\" role=\"img\"><\/div><div class=\"swiper-slide-inner\" ><div class=\"swiper-slide-contents\"><\/div><\/div><\/div>\t\t\t\t<\/div>\n\t\t\t\t\t\t\t<\/div>\n\t\t<\/div>\n\t\t\t\t<\/div>\n\t\t\t\t<\/div>\n\t\t\t\t<div class=\"elementor-element elementor-element-2aaa7a7 elementor-absolute elementor-hidden-desktop elementor-hidden-tablet elementor-hidden-mobile elementor-widget elementor-widget-image\" data-id=\"2aaa7a7\" data-element_type=\"widget\" data-settings=\"{&quot;_position&quot;:&quot;absolute&quot;}\" data-widget_type=\"image.default\">\n\t\t\t\t<div class=\"elementor-widget-container\">\n\t\t\t\t\t\t\t\t\t\t\t\t\t\t\t<img decoding=\"async\" src=\"https:\/\/marein73.com\/wp-content\/uploads\/2020\/09\/152-Housing-Rincon-de-la-Victoria\u200b.svg\" class=\"attachment-large size-large wp-image-2535\" alt=\"\" loading=\"lazy\" \/>\t\t\t\t\t\t\t\t\t\t\t\t\t\t\t<\/div>\n\t\t\t\t<\/div>\n\t\t\t\t\t<\/div>\n\t\t<\/div>\n\t\t\t\t\t\t\t<\/div>\n\t\t<\/section>\n\t\t\t\t<section class=\"elementor-section elementor-top-section elementor-element elementor-element-70d578f elementor-section-height-min-height elementor-section-content-middle elementor-section-boxed elementor-section-height-default elementor-section-items-middle\" data-id=\"70d578f\" data-element_type=\"section\">\n\t\t\t\t\t\t<div class=\"elementor-container elementor-column-gap-wider\">\n\t\t\t\t\t<div class=\"elementor-column elementor-col-50 elementor-top-column elementor-element elementor-element-104b4ae elementor-invisible\" data-id=\"104b4ae\" data-element_type=\"column\" data-settings=\"{&quot;animation&quot;:&quot;slideInLeft&quot;,&quot;animation_delay&quot;:500}\">\n\t\t\t<div class=\"elementor-widget-wrap elementor-element-populated\">\n\t\t\t\t\t\t\t\t<div class=\"elementor-element elementor-element-a180f3b elementor-pagination-position-outside elementor-widget elementor-widget-image-carousel\" data-id=\"a180f3b\" data-element_type=\"widget\" data-settings=\"{&quot;slides_to_show&quot;:&quot;1&quot;,&quot;navigation&quot;:&quot;dots&quot;,&quot;autoplay&quot;:&quot;yes&quot;,&quot;pause_on_hover&quot;:&quot;yes&quot;,&quot;pause_on_interaction&quot;:&quot;yes&quot;,&quot;autoplay_speed&quot;:5000,&quot;infinite&quot;:&quot;yes&quot;,&quot;effect&quot;:&quot;slide&quot;,&quot;speed&quot;:500}\" data-widget_type=\"image-carousel.default\">\n\t\t\t\t<div class=\"elementor-widget-container\">\n\t\t\t\t\t<div class=\"elementor-image-carousel-wrapper swiper-container\" dir=\"ltr\">\n\t\t\t<div class=\"elementor-image-carousel swiper-wrapper\" aria-live=\"off\">\n\t\t\t\t\t\t\t\t<div class=\"swiper-slide\" role=\"group\" aria-roledescription=\"slide\" aria-label=\"1 of 1\"><figure class=\"swiper-slide-inner\"><img decoding=\"async\" class=\"swiper-slide-image\" src=\"https:\/\/marein73.com\/wp-content\/uploads\/elementor\/thumbs\/victoria-ouwrledjh94bc2j7j0nld2hzdgndyfn0rf5zafku7s.png\" alt=\"victoria\" \/><\/figure><\/div>\t\t\t<\/div>\n\t\t\t\t\t<\/div>\n\t\t\t\t<\/div>\n\t\t\t\t<\/div>\n\t\t\t\t\t<\/div>\n\t\t<\/div>\n\t\t\t\t<div class=\"elementor-column elementor-col-50 elementor-top-column elementor-element elementor-element-9ed939f\" data-id=\"9ed939f\" data-element_type=\"column\">\n\t\t\t<div class=\"elementor-widget-wrap elementor-element-populated\">\n\t\t\t\t\t\t\t\t<div class=\"elementor-element elementor-element-b3a8ef5 elementor-widget elementor-widget-heading\" data-id=\"b3a8ef5\" data-element_type=\"widget\" data-widget_type=\"heading.default\">\n\t\t\t\t<div class=\"elementor-widget-container\">\n\t\t\t<h1 class=\"elementor-heading-title elementor-size-default\">152 Houses in Rinc\u00f3n de la Victoria<\/h1>\t\t<\/div>\n\t\t\t\t<\/div>\n\t\t\t\t<div class=\"elementor-element elementor-element-5d1def2 elementor-widget elementor-widget-heading\" data-id=\"5d1def2\" data-element_type=\"widget\" data-widget_type=\"heading.default\">\n\t\t\t\t<div class=\"elementor-widget-container\">\n\t\t\t<h2 class=\"elementor-heading-title elementor-size-default\">M\u00e1laga<\/h2>\t\t<\/div>\n\t\t\t\t<\/div>\n\t\t\t\t<div class=\"elementor-element elementor-element-dd5a3a3 elementor-widget elementor-widget-text-editor\" data-id=\"dd5a3a3\" data-element_type=\"widget\" data-widget_type=\"text-editor.default\">\n\t\t\t\t<div class=\"elementor-widget-container\">\n\t\t\t\t\t\t\t<p>Just a few minutes by car from Malaga is the <b>Rinc\u00f3n de la Victoria<\/b>, one of the most important urban development areas in western Malaga.<\/p><p><span style=\"font-size: 15px; color: var( --e-global-color-text ); font-family: var( --e-global-typography-text-font-family ); letter-spacing: var( --e-global-typography-text-letter-spacing ); text-transform: var( --e-global-typography-text-text-transform );\">This is your opportunity to buy one of the<b> 152 properties in Rinc\u00f3n de la Victoria<\/b> at more competitive prices than the towns on the Costa del Sol. This traditional fishing village has one of the <b>longest beaches in Malaga<\/b> with all kinds of services, an <b>enviable climate<\/b> all year round and one of the <b>best gastronomies<\/b> in the province.\u00a0<\/span><\/p>\t\t\t\t\t\t<\/div>\n\t\t\t\t<\/div>\n\t\t\t\t<div class=\"elementor-element elementor-element-1fbf603 elementor-widget elementor-widget-spacer\" data-id=\"1fbf603\" data-element_type=\"widget\" data-widget_type=\"spacer.default\">\n\t\t\t\t<div class=\"elementor-widget-container\">\n\t\t\t\t\t<div class=\"elementor-spacer\">\n\t\t\t<div class=\"elementor-spacer-inner\"><\/div>\n\t\t<\/div>\n\t\t\t\t<\/div>\n\t\t\t\t<\/div>\n\t\t\t\t\t<\/div>\n\t\t<\/div>\n\t\t\t\t\t\t\t<\/div>\n\t\t<\/section>\n\t\t\t\t<section class=\"elementor-section elementor-top-section elementor-element elementor-element-c973071 elementor-section-height-min-height elementor-section-content-middle elementor-section-boxed elementor-section-height-default elementor-section-items-middle\" data-id=\"c973071\" data-element_type=\"section\" data-settings=\"{&quot;background_background&quot;:&quot;classic&quot;,&quot;shape_divider_top&quot;:&quot;tilt&quot;}\">\n\t\t\t\t\t<div class=\"elementor-shape elementor-shape-top\" data-negative=\"false\">\n\t\t\t<svg xmlns=\"http:\/\/www.w3.org\/2000\/svg\" viewBox=\"0 0 1000 100\" preserveAspectRatio=\"none\">\n\t<path class=\"elementor-shape-fill\" d=\"M0,6V0h1000v100L0,6z\"\/>\n<\/svg>\t\t<\/div>\n\t\t\t\t\t<div class=\"elementor-container elementor-column-gap-wider\">\n\t\t\t\t\t<div class=\"elementor-column elementor-col-100 elementor-top-column elementor-element elementor-element-ce5d304\" data-id=\"ce5d304\" data-element_type=\"column\">\n\t\t\t<div class=\"elementor-widget-wrap elementor-element-populated\">\n\t\t\t\t\t\t\t\t<div class=\"elementor-element elementor-element-e687e96 elementor-widget elementor-widget-gallery\" data-id=\"e687e96\" data-element_type=\"widget\" data-settings=\"{&quot;lazyload&quot;:&quot;yes&quot;,&quot;gallery_layout&quot;:&quot;grid&quot;,&quot;columns&quot;:4,&quot;columns_tablet&quot;:2,&quot;columns_mobile&quot;:1,&quot;gap&quot;:{&quot;unit&quot;:&quot;px&quot;,&quot;size&quot;:10,&quot;sizes&quot;:[]},&quot;gap_tablet&quot;:{&quot;unit&quot;:&quot;px&quot;,&quot;size&quot;:10,&quot;sizes&quot;:[]},&quot;gap_mobile&quot;:{&quot;unit&quot;:&quot;px&quot;,&quot;size&quot;:10,&quot;sizes&quot;:[]},&quot;link_to&quot;:&quot;file&quot;,&quot;aspect_ratio&quot;:&quot;3:2&quot;,&quot;overlay_background&quot;:&quot;yes&quot;,&quot;content_hover_animation&quot;:&quot;fade-in&quot;}\" data-widget_type=\"gallery.default\">\n\t\t\t\t<div class=\"elementor-widget-container\">\n\t\t\t\t\t<div class=\"elementor-gallery__container\">\n\t\t\t\t\t\t\t<a class=\"e-gallery-item elementor-gallery-item elementor-animated-content\" href=\"https:\/\/marein73.com\/wp-content\/uploads\/2020\/09\/152-viviendas-rincon-de-la-victoria-011-1.jpg\" data-elementor-open-lightbox=\"yes\" data-elementor-lightbox-slideshow=\"e687e96\" data-elementor-lightbox-title=\"152-viviendas-rincon-de-la-victoria-01[1]\" data-e-action-hash=\"#elementor-action%3Aaction%3Dlightbox%26settings%3DeyJpZCI6MTE4MSwidXJsIjoiaHR0cHM6XC9cL21hcmVpbjczLmNvbVwvd3AtY29udGVudFwvdXBsb2Fkc1wvMjAyMFwvMDlcLzE1Mi12aXZpZW5kYXMtcmluY29uLWRlLWxhLXZpY3RvcmlhLTAxMS0xLmpwZyIsInNsaWRlc2hvdyI6ImU2ODdlOTYifQ%3D%3D\">\n\t\t\t\t\t<div class=\"e-gallery-image elementor-gallery-item__image\" data-thumbnail=\"https:\/\/marein73.com\/wp-content\/uploads\/2020\/09\/152-viviendas-rincon-de-la-victoria-011-1.jpg\" data-width=\"1009\" data-height=\"650\" aria-label=\"\" role=\"img\" ><\/div>\n\t\t\t\t\t\t\t\t\t\t\t<div class=\"elementor-gallery-item__overlay\"><\/div>\n\t\t\t\t\t\t\t\t\t\t\t\t\t\t<\/a>\n\t\t\t\t\t\t\t<a class=\"e-gallery-item elementor-gallery-item elementor-animated-content\" href=\"https:\/\/marein73.com\/wp-content\/uploads\/2020\/09\/152-viviendas-rincon-de-la-victoria-021.jpg\" data-elementor-open-lightbox=\"yes\" data-elementor-lightbox-slideshow=\"e687e96\" data-elementor-lightbox-title=\"152-viviendas-rincon-de-la-victoria-02[1]\" data-e-action-hash=\"#elementor-action%3Aaction%3Dlightbox%26settings%3DeyJpZCI6MTE4MywidXJsIjoiaHR0cHM6XC9cL21hcmVpbjczLmNvbVwvd3AtY29udGVudFwvdXBsb2Fkc1wvMjAyMFwvMDlcLzE1Mi12aXZpZW5kYXMtcmluY29uLWRlLWxhLXZpY3RvcmlhLTAyMS5qcGciLCJzbGlkZXNob3ciOiJlNjg3ZTk2In0%3D\">\n\t\t\t\t\t<div class=\"e-gallery-image elementor-gallery-item__image\" data-thumbnail=\"https:\/\/marein73.com\/wp-content\/uploads\/2020\/09\/152-viviendas-rincon-de-la-victoria-021.jpg\" data-width=\"1009\" data-height=\"650\" aria-label=\"\" role=\"img\" ><\/div>\n\t\t\t\t\t\t\t\t\t\t\t<div class=\"elementor-gallery-item__overlay\"><\/div>\n\t\t\t\t\t\t\t\t\t\t\t\t\t\t<\/a>\n\t\t\t\t\t\t\t<a class=\"e-gallery-item elementor-gallery-item elementor-animated-content\" href=\"https:\/\/marein73.com\/wp-content\/uploads\/2020\/09\/152-viviendas-rincon-de-la-victoria-031.jpg\" data-elementor-open-lightbox=\"yes\" data-elementor-lightbox-slideshow=\"e687e96\" data-elementor-lightbox-title=\"152-viviendas-rincon-de-la-victoria-03[1]\" data-e-action-hash=\"#elementor-action%3Aaction%3Dlightbox%26settings%3DeyJpZCI6MTE4NSwidXJsIjoiaHR0cHM6XC9cL21hcmVpbjczLmNvbVwvd3AtY29udGVudFwvdXBsb2Fkc1wvMjAyMFwvMDlcLzE1Mi12aXZpZW5kYXMtcmluY29uLWRlLWxhLXZpY3RvcmlhLTAzMS5qcGciLCJzbGlkZXNob3ciOiJlNjg3ZTk2In0%3D\">\n\t\t\t\t\t<div class=\"e-gallery-image elementor-gallery-item__image\" data-thumbnail=\"https:\/\/marein73.com\/wp-content\/uploads\/2020\/09\/152-viviendas-rincon-de-la-victoria-031.jpg\" data-width=\"1009\" data-height=\"650\" aria-label=\"\" role=\"img\" ><\/div>\n\t\t\t\t\t\t\t\t\t\t\t<div class=\"elementor-gallery-item__overlay\"><\/div>\n\t\t\t\t\t\t\t\t\t\t\t\t\t\t<\/a>\n\t\t\t\t\t\t\t<a class=\"e-gallery-item elementor-gallery-item elementor-animated-content\" href=\"https:\/\/marein73.com\/wp-content\/uploads\/2020\/09\/152-viviendas-rincon-de-la-victoria-041.jpg\" data-elementor-open-lightbox=\"yes\" data-elementor-lightbox-slideshow=\"e687e96\" data-elementor-lightbox-title=\"152-viviendas-rincon-de-la-victoria-04[1]\" data-e-action-hash=\"#elementor-action%3Aaction%3Dlightbox%26settings%3DeyJpZCI6MTE4NywidXJsIjoiaHR0cHM6XC9cL21hcmVpbjczLmNvbVwvd3AtY29udGVudFwvdXBsb2Fkc1wvMjAyMFwvMDlcLzE1Mi12aXZpZW5kYXMtcmluY29uLWRlLWxhLXZpY3RvcmlhLTA0MS5qcGciLCJzbGlkZXNob3ciOiJlNjg3ZTk2In0%3D\">\n\t\t\t\t\t<div class=\"e-gallery-image elementor-gallery-item__image\" data-thumbnail=\"https:\/\/marein73.com\/wp-content\/uploads\/2020\/09\/152-viviendas-rincon-de-la-victoria-041.jpg\" data-width=\"1009\" data-height=\"650\" aria-label=\"\" role=\"img\" ><\/div>\n\t\t\t\t\t\t\t\t\t\t\t<div class=\"elementor-gallery-item__overlay\"><\/div>\n\t\t\t\t\t\t\t\t\t\t\t\t\t\t<\/a>\n\t\t\t\t\t\t\t<a class=\"e-gallery-item elementor-gallery-item elementor-animated-content\" href=\"https:\/\/marein73.com\/wp-content\/uploads\/2020\/09\/152-viviendas-rincon-de-la-victoria-051.jpg\" data-elementor-open-lightbox=\"yes\" data-elementor-lightbox-slideshow=\"e687e96\" data-elementor-lightbox-title=\"152-viviendas-rincon-de-la-victoria-05[1]\" data-e-action-hash=\"#elementor-action%3Aaction%3Dlightbox%26settings%3DeyJpZCI6MTE4OSwidXJsIjoiaHR0cHM6XC9cL21hcmVpbjczLmNvbVwvd3AtY29udGVudFwvdXBsb2Fkc1wvMjAyMFwvMDlcLzE1Mi12aXZpZW5kYXMtcmluY29uLWRlLWxhLXZpY3RvcmlhLTA1MS5qcGciLCJzbGlkZXNob3ciOiJlNjg3ZTk2In0%3D\">\n\t\t\t\t\t<div class=\"e-gallery-image elementor-gallery-item__image\" data-thumbnail=\"https:\/\/marein73.com\/wp-content\/uploads\/2020\/09\/152-viviendas-rincon-de-la-victoria-051.jpg\" data-width=\"1009\" data-height=\"650\" aria-label=\"\" role=\"img\" ><\/div>\n\t\t\t\t\t\t\t\t\t\t\t<div class=\"elementor-gallery-item__overlay\"><\/div>\n\t\t\t\t\t\t\t\t\t\t\t\t\t\t<\/a>\n\t\t\t\t\t\t\t<a class=\"e-gallery-item elementor-gallery-item elementor-animated-content\" href=\"https:\/\/marein73.com\/wp-content\/uploads\/2020\/09\/152-viviendas-rincon-de-la-victoria-061.jpg\" data-elementor-open-lightbox=\"yes\" data-elementor-lightbox-slideshow=\"e687e96\" data-elementor-lightbox-title=\"152-viviendas-rincon-de-la-victoria-06[1]\" data-e-action-hash=\"#elementor-action%3Aaction%3Dlightbox%26settings%3DeyJpZCI6MTE5MSwidXJsIjoiaHR0cHM6XC9cL21hcmVpbjczLmNvbVwvd3AtY29udGVudFwvdXBsb2Fkc1wvMjAyMFwvMDlcLzE1Mi12aXZpZW5kYXMtcmluY29uLWRlLWxhLXZpY3RvcmlhLTA2MS5qcGciLCJzbGlkZXNob3ciOiJlNjg3ZTk2In0%3D\">\n\t\t\t\t\t<div class=\"e-gallery-image elementor-gallery-item__image\" data-thumbnail=\"https:\/\/marein73.com\/wp-content\/uploads\/2020\/09\/152-viviendas-rincon-de-la-victoria-061.jpg\" data-width=\"1009\" data-height=\"650\" aria-label=\"\" role=\"img\" ><\/div>\n\t\t\t\t\t\t\t\t\t\t\t<div class=\"elementor-gallery-item__overlay\"><\/div>\n\t\t\t\t\t\t\t\t\t\t\t\t\t\t<\/a>\n\t\t\t\t\t<\/div>\n\t\t\t<\/div>\n\t\t\t\t<\/div>\n\t\t\t\t\t<\/div>\n\t\t<\/div>\n\t\t\t\t\t\t\t<\/div>\n\t\t<\/section>\n\t\t\t\t\t\t\t<\/div>\n\t\t","protected":false},"excerpt":{"rendered":"<p>152 Houses in Rinc\u00f3n de la Victoria M\u00e1laga Just a few minutes by car from Malaga is the Rinc\u00f3n de la Victoria, one of the most important urban development areas in western Malaga. This is your opportunity to buy one of the 152 properties in Rinc\u00f3n de la Victoria at more competitive prices than the &hellip;<\/p>\n<p class=\"read-more\"> <a class=\"\" href=\"https:\/\/marein73.com\/en\/promotions\/152-housing-rincon-de-la-victoria\/\"> <span class=\"screen-reader-text\">152 Houses in Rincon de la Victoria\u200b<\/span> Read More \u00bb<\/a><\/p>\n","protected":false},"author":2,"featured_media":1228,"parent":1912,"menu_order":0,"comment_status":"closed","ping_status":"closed","template":"","meta":{"site-sidebar-layout":"no-sidebar","site-content-layout":"page-builder","ast-global-header-display":"","ast-banner-title-visibility":"","ast-main-header-display":"","ast-hfb-above-header-display":"","ast-hfb-below-header-display":"","ast-hfb-mobile-header-display":"","site-post-title":"disabled","ast-breadcrumbs-content":"","ast-featured-img":"disabled","footer-sml-layout":"","theme-transparent-header-meta":"default","adv-header-id-meta":"","stick-header-meta":"default","header-above-stick-meta":"","header-main-stick-meta":"","header-below-stick-meta":""},"yoast_head":"<!-- This site is optimized with the Yoast SEO plugin v20.13 - https:\/\/yoast.com\/wordpress\/plugins\/seo\/ -->\n<title>152 properties in Rinc\u00f3n de la Victoria | Marein 73 Real Estate<\/title>\n<meta name=\"description\" content=\"Best opportunity to buy one of the 152 properties in Rinc\u00f3n de la Victoria at more competitive prices than the towns on the Costa del Sol\" \/>\n<meta name=\"robots\" content=\"index, follow, max-snippet:-1, max-image-preview:large, max-video-preview:-1\" \/>\n<link rel=\"canonical\" href=\"https:\/\/marein73.com\/en\/promotions\/152-housing-rincon-de-la-victoria\/\" \/>\n<meta property=\"og:locale\" content=\"en_US\" \/>\n<meta property=\"og:type\" content=\"article\" \/>\n<meta property=\"og:title\" content=\"152 properties in Rinc\u00f3n de la Victoria | Marein 73 Real Estate\" \/>\n<meta property=\"og:description\" content=\"Best opportunity to buy one of the 152 properties in Rinc\u00f3n de la Victoria at more competitive prices than the towns on the Costa del Sol\" \/>\n<meta property=\"og:url\" content=\"https:\/\/marein73.com\/en\/promotions\/152-housing-rincon-de-la-victoria\/\" \/>\n<meta property=\"og:site_name\" content=\"Marein 73\" \/>\n<meta property=\"article:modified_time\" content=\"2025-09-15T12:19:07+00:00\" \/>\n<meta property=\"og:image\" content=\"https:\/\/marein73.com\/wp-content\/uploads\/2020\/09\/el-pilar-031.jpg\" \/>\n\t<meta property=\"og:image:width\" content=\"1009\" \/>\n\t<meta property=\"og:image:height\" content=\"650\" \/>\n\t<meta property=\"og:image:type\" content=\"image\/jpeg\" \/>\n<meta name=\"twitter:card\" content=\"summary_large_image\" \/>\n<meta name=\"twitter:label1\" content=\"Est. reading time\" \/>\n\t<meta name=\"twitter:data1\" content=\"1 minute\" \/>\n<script type=\"application\/ld+json\" class=\"yoast-schema-graph\">{\"@context\":\"https:\/\/schema.org\",\"@graph\":[{\"@type\":\"WebPage\",\"@id\":\"https:\/\/marein73.com\/en\/promotions\/152-housing-rincon-de-la-victoria\/\",\"url\":\"https:\/\/marein73.com\/en\/promotions\/152-housing-rincon-de-la-victoria\/\",\"name\":\"152 properties in Rinc\u00f3n de la Victoria | Marein 73 Real Estate\",\"isPartOf\":{\"@id\":\"https:\/\/marein73.com\/#website\"},\"datePublished\":\"2020-09-03T07:53:11+00:00\",\"dateModified\":\"2025-09-15T12:19:07+00:00\",\"description\":\"Best opportunity to buy one of the 152 properties in Rinc\u00f3n de la Victoria at more competitive prices than the towns on the Costa del Sol\",\"breadcrumb\":{\"@id\":\"https:\/\/marein73.com\/en\/promotions\/152-housing-rincon-de-la-victoria\/#breadcrumb\"},\"inLanguage\":\"en-US\",\"potentialAction\":[{\"@type\":\"ReadAction\",\"target\":[\"https:\/\/marein73.com\/en\/promotions\/152-housing-rincon-de-la-victoria\/\"]}]},{\"@type\":\"BreadcrumbList\",\"@id\":\"https:\/\/marein73.com\/en\/promotions\/152-housing-rincon-de-la-victoria\/#breadcrumb\",\"itemListElement\":[{\"@type\":\"ListItem\",\"position\":1,\"name\":\"Portada\",\"item\":\"https:\/\/marein73.com\/\"},{\"@type\":\"ListItem\",\"position\":2,\"name\":\"Promotions\",\"item\":\"https:\/\/marein73.com\/promociones\/\"},{\"@type\":\"ListItem\",\"position\":3,\"name\":\"152 Houses in Rincon de la Victoria\u200b\"}]},{\"@type\":\"WebSite\",\"@id\":\"https:\/\/marein73.com\/#website\",\"url\":\"https:\/\/marein73.com\/\",\"name\":\"Marein 73\",\"description\":\"Propiedades Inmobiliarias\",\"publisher\":{\"@id\":\"https:\/\/marein73.com\/#organization\"},\"potentialAction\":[{\"@type\":\"SearchAction\",\"target\":{\"@type\":\"EntryPoint\",\"urlTemplate\":\"https:\/\/marein73.com\/?s={search_term_string}\"},\"query-input\":\"required name=search_term_string\"}],\"inLanguage\":\"en-US\"},{\"@type\":\"Organization\",\"@id\":\"https:\/\/marein73.com\/#organization\",\"name\":\"Marein73\",\"url\":\"https:\/\/marein73.com\/\",\"logo\":{\"@type\":\"ImageObject\",\"inLanguage\":\"en-US\",\"@id\":\"https:\/\/marein73.com\/#\/schema\/logo\/image\/\",\"url\":\"https:\/\/marein73.com\/wp-content\/uploads\/2020\/07\/logotipo-marein.png\",\"contentUrl\":\"https:\/\/marein73.com\/wp-content\/uploads\/2020\/07\/logotipo-marein.png\",\"width\":144,\"height\":176,\"caption\":\"Marein73\"},\"image\":{\"@id\":\"https:\/\/marein73.com\/#\/schema\/logo\/image\/\"}}]}<\/script>\n<!-- \/ Yoast SEO plugin. -->","yoast_head_json":{"title":"152 properties in Rinc\u00f3n de la Victoria | Marein 73 Real Estate","description":"Best opportunity to buy one of the 152 properties in Rinc\u00f3n de la Victoria at more competitive prices than the towns on the Costa del Sol","robots":{"index":"index","follow":"follow","max-snippet":"max-snippet:-1","max-image-preview":"max-image-preview:large","max-video-preview":"max-video-preview:-1"},"canonical":"https:\/\/marein73.com\/en\/promotions\/152-housing-rincon-de-la-victoria\/","og_locale":"en_US","og_type":"article","og_title":"152 properties in Rinc\u00f3n de la Victoria | Marein 73 Real Estate","og_description":"Best opportunity to buy one of the 152 properties in Rinc\u00f3n de la Victoria at more competitive prices than the towns on the Costa del Sol","og_url":"https:\/\/marein73.com\/en\/promotions\/152-housing-rincon-de-la-victoria\/","og_site_name":"Marein 73","article_modified_time":"2025-09-15T12:19:07+00:00","og_image":[{"width":1009,"height":650,"url":"https:\/\/marein73.com\/wp-content\/uploads\/2020\/09\/el-pilar-031.jpg","type":"image\/jpeg"}],"twitter_card":"summary_large_image","twitter_misc":{"Est. reading time":"1 minute"},"schema":{"@context":"https:\/\/schema.org","@graph":[{"@type":"WebPage","@id":"https:\/\/marein73.com\/en\/promotions\/152-housing-rincon-de-la-victoria\/","url":"https:\/\/marein73.com\/en\/promotions\/152-housing-rincon-de-la-victoria\/","name":"152 properties in Rinc\u00f3n de la Victoria | Marein 73 Real Estate","isPartOf":{"@id":"https:\/\/marein73.com\/#website"},"datePublished":"2020-09-03T07:53:11+00:00","dateModified":"2025-09-15T12:19:07+00:00","description":"Best opportunity to buy one of the 152 properties in Rinc\u00f3n de la Victoria at more competitive prices than the towns on the Costa del Sol","breadcrumb":{"@id":"https:\/\/marein73.com\/en\/promotions\/152-housing-rincon-de-la-victoria\/#breadcrumb"},"inLanguage":"en-US","potentialAction":[{"@type":"ReadAction","target":["https:\/\/marein73.com\/en\/promotions\/152-housing-rincon-de-la-victoria\/"]}]},{"@type":"BreadcrumbList","@id":"https:\/\/marein73.com\/en\/promotions\/152-housing-rincon-de-la-victoria\/#breadcrumb","itemListElement":[{"@type":"ListItem","position":1,"name":"Portada","item":"https:\/\/marein73.com\/"},{"@type":"ListItem","position":2,"name":"Promotions","item":"https:\/\/marein73.com\/promociones\/"},{"@type":"ListItem","position":3,"name":"152 Houses in Rincon de la Victoria\u200b"}]},{"@type":"WebSite","@id":"https:\/\/marein73.com\/#website","url":"https:\/\/marein73.com\/","name":"Marein 73","description":"Propiedades Inmobiliarias","publisher":{"@id":"https:\/\/marein73.com\/#organization"},"potentialAction":[{"@type":"SearchAction","target":{"@type":"EntryPoint","urlTemplate":"https:\/\/marein73.com\/?s={search_term_string}"},"query-input":"required name=search_term_string"}],"inLanguage":"en-US"},{"@type":"Organization","@id":"https:\/\/marein73.com\/#organization","name":"Marein73","url":"https:\/\/marein73.com\/","logo":{"@type":"ImageObject","inLanguage":"en-US","@id":"https:\/\/marein73.com\/#\/schema\/logo\/image\/","url":"https:\/\/marein73.com\/wp-content\/uploads\/2020\/07\/logotipo-marein.png","contentUrl":"https:\/\/marein73.com\/wp-content\/uploads\/2020\/07\/logotipo-marein.png","width":144,"height":176,"caption":"Marein73"},"image":{"@id":"https:\/\/marein73.com\/#\/schema\/logo\/image\/"}}]}},"_links":{"self":[{"href":"https:\/\/marein73.com\/en\/wp-json\/wp\/v2\/pages\/1240"}],"collection":[{"href":"https:\/\/marein73.com\/en\/wp-json\/wp\/v2\/pages"}],"about":[{"href":"https:\/\/marein73.com\/en\/wp-json\/wp\/v2\/types\/page"}],"author":[{"embeddable":true,"href":"https:\/\/marein73.com\/en\/wp-json\/wp\/v2\/users\/2"}],"replies":[{"embeddable":true,"href":"https:\/\/marein73.com\/en\/wp-json\/wp\/v2\/comments?post=1240"}],"version-history":[{"count":20,"href":"https:\/\/marein73.com\/en\/wp-json\/wp\/v2\/pages\/1240\/revisions"}],"predecessor-version":[{"id":10756,"href":"https:\/\/marein73.com\/en\/wp-json\/wp\/v2\/pages\/1240\/revisions\/10756"}],"up":[{"embeddable":true,"href":"https:\/\/marein73.com\/en\/wp-json\/wp\/v2\/pages\/1912"}],"wp:featuredmedia":[{"embeddable":true,"href":"https:\/\/marein73.com\/en\/wp-json\/wp\/v2\/media\/1228"}],"wp:attachment":[{"href":"https:\/\/marein73.com\/en\/wp-json\/wp\/v2\/media?parent=1240"}],"curies":[{"name":"wp","href":"https:\/\/api.w.org\/{rel}","templated":true}]}}